{"id":25560,"date":"2022-11-25T11:04:32","date_gmt":"2022-11-25T11:04:32","guid":{"rendered":"http:\/\/ndgdenetim.com\/?page_id=25560"},"modified":"2022-11-25T11:11:20","modified_gmt":"2022-11-25T11:11:20","slug":"video","status":"publish","type":"page","link":"http:\/\/ndgdenetim.com\/index.php\/video\/","title":{"rendered":"Videolar"},"content":{"rendered":"<div class=\"vgblk-rw-wrapper limit-wrapper\">\n\n\t\t\n\t\t<h4>T\u00fcrk Paras\u0131n\u0131n K\u0131ymetini Koruma Karar\u0131 Hakk\u0131nda bilgilendirme Semineri<\/h4>\n\t<a href=\"https:\/\/www.youtube.com\/watch?v=Ialumr5mnkA\" target=\"_blank\" role=\"button\" rel=\"noopener\">\n\t\t\t\t\tVideo\n\t<\/a>\n\n\n<\/div><!-- .vgblk-rw-wrapper -->","protected":false},"excerpt":{"rendered":"<p>T\u00fcrk Paras\u0131n\u0131n K\u0131ymetini Koruma Karar\u0131 Hakk\u0131nda bilgilendirme Semineri Video<\/p>\n","protected":false},"author":1,"featured_media":0,"parent":0,"menu_order":0,"comment_status":"closed","ping_status":"closed","template":"guestbook.php","meta":{"inline_featured_image":false},"_links":{"self":[{"href":"http:\/\/ndgdenetim.com\/index.php\/wp-json\/wp\/v2\/pages\/25560"}],"collection":[{"href":"http:\/\/ndgdenetim.com\/index.php\/wp-json\/wp\/v2\/pages"}],"about":[{"href":"http:\/\/ndgdenetim.com\/index.php\/wp-json\/wp\/v2\/types\/page"}],"author":[{"embeddable":true,"href":"http:\/\/ndgdenetim.com\/index.php\/wp-json\/wp\/v2\/users\/1"}],"replies":[{"embeddable":true,"href":"http:\/\/ndgdenetim.com\/index.php\/wp-json\/wp\/v2\/comments?post=25560"}],"version-history":[{"count":2,"href":"http:\/\/ndgdenetim.com\/index.php\/wp-json\/wp\/v2\/pages\/25560\/revisions"}],"predecessor-version":[{"id":25562,"href":"http:\/\/ndgdenetim.com\/index.php\/wp-json\/wp\/v2\/pages\/25560\/revisions\/25562"}],"wp:attachment":[{"href":"http:\/\/ndgdenetim.com\/index.php\/wp-json\/wp\/v2\/media?parent=25560"}],"curies":[{"name":"wp","href":"https:\/\/api.w.org\/{rel}","templated":true}]}}