{"id":25459,"date":"2022-11-25T07:48:30","date_gmt":"2022-11-25T07:48:30","guid":{"rendered":"http:\/\/ndgdenetim.com\/?page_id=25459"},"modified":"2022-11-25T07:51:45","modified_gmt":"2022-11-25T07:51:45","slug":"vergi-incelemeleri-hizmetleri","status":"publish","type":"page","link":"http:\/\/ndgdenetim.com\/index.php\/vergi-incelemeleri-hizmetleri\/","title":{"rendered":"Vergi \u0130ncelemeleri Uzla\u015fma \u0130zaha Davet Konular\u0131nda Dan\u0131\u015fmanl\u0131k"},"content":{"rendered":"<div class=\"vgblk-rw-wrapper limit-wrapper\">\n\n\t<ul>\n<li>Vergi \u0130ncelemelerinde Dan\u0131\u015fmanl\u0131k<\/li>\n<li>Vergi Uzla\u015fmalar\u0131nda Dan\u0131\u015fmanl\u0131k<\/li>\n<li>Kanun Yolundan Vazge\u00e7me M\u00fcessesesinin Kullan\u0131lmas\u0131nda Dan\u0131\u015fmanl\u0131k<\/li>\n<li>\u0130zaha Davet S\u00fcrecinde Dan\u0131\u015fmanl\u0131k<\/li>\n<\/ul>\n\n<\/div><!-- .vgblk-rw-wrapper -->","protected":false},"excerpt":{"rendered":"<p>Vergi \u0130ncelemelerinde Dan\u0131\u015fmanl\u0131k Vergi Uzla\u015fmalar\u0131nda Dan\u0131\u015fmanl\u0131k Kanun Yolundan Vazge\u00e7me M\u00fcessesesinin Kullan\u0131lmas\u0131nda Dan\u0131\u015fmanl\u0131k \u0130zaha Davet S\u00fcrecinde Dan\u0131\u015fmanl\u0131k<\/p>\n","protected":false},"author":1,"featured_media":0,"parent":0,"menu_order":0,"comment_status":"closed","ping_status":"closed","template":"guestbook.php","meta":{"inline_featured_image":false},"_links":{"self":[{"href":"http:\/\/ndgdenetim.com\/index.php\/wp-json\/wp\/v2\/pages\/25459"}],"collection":[{"href":"http:\/\/ndgdenetim.com\/index.php\/wp-json\/wp\/v2\/pages"}],"about":[{"href":"http:\/\/ndgdenetim.com\/index.php\/wp-json\/wp\/v2\/types\/page"}],"author":[{"embeddable":true,"href":"http:\/\/ndgdenetim.com\/index.php\/wp-json\/wp\/v2\/users\/1"}],"replies":[{"embeddable":true,"href":"http:\/\/ndgdenetim.com\/index.php\/wp-json\/wp\/v2\/comments?post=25459"}],"version-history":[{"count":2,"href":"http:\/\/ndgdenetim.com\/index.php\/wp-json\/wp\/v2\/pages\/25459\/revisions"}],"predecessor-version":[{"id":25461,"href":"http:\/\/ndgdenetim.com\/index.php\/wp-json\/wp\/v2\/pages\/25459\/revisions\/25461"}],"wp:attachment":[{"href":"http:\/\/ndgdenetim.com\/index.php\/wp-json\/wp\/v2\/media?parent=25459"}],"curies":[{"name":"wp","href":"https:\/\/api.w.org\/{rel}","templated":true}]}}