{"id":25456,"date":"2022-11-25T07:43:04","date_gmt":"2022-11-25T07:43:04","guid":{"rendered":"http:\/\/ndgdenetim.com\/?page_id=25456"},"modified":"2022-11-25T07:46:47","modified_gmt":"2022-11-25T07:46:47","slug":"vergi-mali-danismanlik-hizmetleri","status":"publish","type":"page","link":"http:\/\/ndgdenetim.com\/index.php\/vergi-mali-danismanlik-hizmetleri\/","title":{"rendered":"Vergi ve Mali Dan\u0131\u015fmanl\u0131k Hizmetleri"},"content":{"rendered":"<div class=\"vgblk-rw-wrapper limit-wrapper\">\n\n\t<ul>\n<li>Kurumsal Vergi Dan\u0131\u015fmanl\u0131\u011f\u0131<\/li>\n<li>Bireysel Vergi Dan\u0131\u015fmanl\u0131\u011f\u0131<\/li>\n<li>Kurum ve \u015eah\u0131slara Y\u00f6nelik Vergi Planlamas\u0131<\/li>\n<li>Holding veya Grup \u015eirketlerine Y\u00f6nelik Dan\u0131\u015fmanl\u0131k<\/li>\n<li>Aile \u015eirketleri Dan\u0131\u015fmanl\u0131\u011f\u0131<\/li>\n<li>Uluslararas\u0131 Vergi Dan\u0131\u015fmanl\u0131\u011f\u0131<\/li>\n<li>Kamu \u0130dareleriyle \u0130li\u015fkilerin Y\u00f6netimi<\/li>\n<li>Sekt\u00f6rel Analiz ve De\u011ferlendirmeler<\/li>\n<li>Te\u015fvik Dan\u0131\u015fmanl\u0131\u011f\u0131<\/li>\n<li>Birle\u015fme B\u00f6l\u00fcnme Hisse De\u011fi\u015fimi Sat\u0131n Almalar \u015eirket Yeniden Yap\u0131lanmalar\u0131<br \/>\nB\u00fct\u00e7eleme ve Projeksiyon \u0130\u015flemleri<\/li>\n<li>Mevzuat ve Uygulama De\u011fi\u015fikliklerinin Sirk\u00fclerle Bildirilmesi<\/li>\n<\/ul>\n\n<\/div><!-- .vgblk-rw-wrapper -->","protected":false},"excerpt":{"rendered":"<p>Kurumsal Vergi Dan\u0131\u015fmanl\u0131\u011f\u0131 Bireysel Vergi Dan\u0131\u015fmanl\u0131\u011f\u0131 Kurum ve \u015eah\u0131slara Y\u00f6nelik Vergi Planlamas\u0131 Holding veya Grup \u015eirketlerine Y\u00f6nelik Dan\u0131\u015fmanl\u0131k Aile \u015eirketleri Dan\u0131\u015fmanl\u0131\u011f\u0131 Uluslararas\u0131 Vergi Dan\u0131\u015fmanl\u0131\u011f\u0131 Kamu \u0130dareleriyle \u0130li\u015fkilerin Y\u00f6netimi Sekt\u00f6rel Analiz&#8230;<\/p>\n","protected":false},"author":1,"featured_media":0,"parent":0,"menu_order":0,"comment_status":"closed","ping_status":"closed","template":"guestbook.php","meta":{"inline_featured_image":false},"_links":{"self":[{"href":"http:\/\/ndgdenetim.com\/index.php\/wp-json\/wp\/v2\/pages\/25456"}],"collection":[{"href":"http:\/\/ndgdenetim.com\/index.php\/wp-json\/wp\/v2\/pages"}],"about":[{"href":"http:\/\/ndgdenetim.com\/index.php\/wp-json\/wp\/v2\/types\/page"}],"author":[{"embeddable":true,"href":"http:\/\/ndgdenetim.com\/index.php\/wp-json\/wp\/v2\/users\/1"}],"replies":[{"embeddable":true,"href":"http:\/\/ndgdenetim.com\/index.php\/wp-json\/wp\/v2\/comments?post=25456"}],"version-history":[{"count":2,"href":"http:\/\/ndgdenetim.com\/index.php\/wp-json\/wp\/v2\/pages\/25456\/revisions"}],"predecessor-version":[{"id":25458,"href":"http:\/\/ndgdenetim.com\/index.php\/wp-json\/wp\/v2\/pages\/25456\/revisions\/25458"}],"wp:attachment":[{"href":"http:\/\/ndgdenetim.com\/index.php\/wp-json\/wp\/v2\/media?parent=25456"}],"curies":[{"name":"wp","href":"https:\/\/api.w.org\/{rel}","templated":true}]}}