{"id":25384,"date":"2022-11-24T15:14:59","date_gmt":"2022-11-24T15:14:59","guid":{"rendered":"http:\/\/ndgdenetim.com\/?page_id=25384"},"modified":"2022-11-24T15:16:30","modified_gmt":"2022-11-24T15:16:30","slug":"misyonumuz","status":"publish","type":"page","link":"http:\/\/ndgdenetim.com\/index.php\/misyonumuz\/","title":{"rendered":"Misyonumuz"},"content":{"rendered":"<div class=\"vgblk-rw-wrapper limit-wrapper\">\n\n\t<p>Denetim ve dan\u0131\u015fmanl\u0131k hizmetlerinin; mesle\u011fin gerektirdi\u011fi yasal, etik kurallar ve m\u00fc\u015fterilerimizin ihtiya\u00e7lar\u0131 do\u011frultusunda, kamusal yarar g\u00f6zetilerek en y\u00fcksek standartlarda sunulmas\u0131d\u0131r. Bu kapsamda;<\/p>\n<p>-yeterli ve nitelikli personel istihdam\u0131 sa\u011flanarak verilen hizmet standartlar\u0131 maksimize edilirken,<\/p>\n<p>-g\u00fc\u00e7l\u00fc ve s\u00fcrekli bir hizmet i\u00e7i e\u011fitim program\u0131 y\u00fcr\u00fct\u00fclerek firmam\u0131z\u0131n ve m\u00fc\u015fterilerimizin kalifiye eleman ihtiyac\u0131<\/p>\n<p>da kar\u015f\u0131lanmaktad\u0131r.<\/p>\n\n<\/div><!-- .vgblk-rw-wrapper -->","protected":false},"excerpt":{"rendered":"<p>Denetim ve dan\u0131\u015fmanl\u0131k hizmetlerinin; mesle\u011fin gerektirdi\u011fi yasal, etik kurallar ve m\u00fc\u015fterilerimizin ihtiya\u00e7lar\u0131 do\u011frultusunda, kamusal yarar g\u00f6zetilerek en y\u00fcksek standartlarda sunulmas\u0131d\u0131r. Bu kapsamda; -yeterli ve nitelikli personel istihdam\u0131 sa\u011flanarak verilen hizmet&#8230;<\/p>\n","protected":false},"author":1,"featured_media":0,"parent":0,"menu_order":0,"comment_status":"closed","ping_status":"closed","template":"guestbook.php","meta":{"inline_featured_image":false},"_links":{"self":[{"href":"http:\/\/ndgdenetim.com\/index.php\/wp-json\/wp\/v2\/pages\/25384"}],"collection":[{"href":"http:\/\/ndgdenetim.com\/index.php\/wp-json\/wp\/v2\/pages"}],"about":[{"href":"http:\/\/ndgdenetim.com\/index.php\/wp-json\/wp\/v2\/types\/page"}],"author":[{"embeddable":true,"href":"http:\/\/ndgdenetim.com\/index.php\/wp-json\/wp\/v2\/users\/1"}],"replies":[{"embeddable":true,"href":"http:\/\/ndgdenetim.com\/index.php\/wp-json\/wp\/v2\/comments?post=25384"}],"version-history":[{"count":2,"href":"http:\/\/ndgdenetim.com\/index.php\/wp-json\/wp\/v2\/pages\/25384\/revisions"}],"predecessor-version":[{"id":25386,"href":"http:\/\/ndgdenetim.com\/index.php\/wp-json\/wp\/v2\/pages\/25384\/revisions\/25386"}],"wp:attachment":[{"href":"http:\/\/ndgdenetim.com\/index.php\/wp-json\/wp\/v2\/media?parent=25384"}],"curies":[{"name":"wp","href":"https:\/\/api.w.org\/{rel}","templated":true}]}}