{"id":11412,"date":"2016-12-05T16:27:47","date_gmt":"2016-12-05T16:27:47","guid":{"rendered":"https:\/\/consulting.vamtam.com\/?page_id=11412"},"modified":"2023-09-12T13:11:33","modified_gmt":"2023-09-12T13:11:33","slug":"iletisim","status":"publish","type":"page","link":"http:\/\/ndgdenetim.com\/index.php\/iletisim\/","title":{"rendered":"\u0130leti\u015fim"},"content":{"rendered":"<div class=\"vgblk-rw-wrapper limit-wrapper\">\n<h5>\n\tFormu doldurarak dan\u0131\u015fmak istedi\u011finiz konu ile ilgili bize ula\u015fabilirsiniz.\n\t<\/h5>\n\n\n\n<p>\n    Bildirim: Bu i\u00e7erik i\u00e7in bir JavaScript gereklidir.\n        <\/p>\n\n\n\n<h5> <a title=\"0850 259 18 58\" rel=\"noopener\" href=\"tel:+908502591858\" target=\"_self\"> 0530 298 11 58 <\/a> <\/h5>\n\n\n\n<h5> <a title=\"0532 276 33 18\" rel=\"noopener\" href=\"tel:+905322763318\" target=\"_self\"> 053<\/a>0 298 11 58 <\/h5>\n\n\n\n<h5>\n\t\t\t<a href=\"mailto:bilgiymm@ndgdenetim.com\" title=\"bilgiymm@ndgdenetim.com\" target=\"_self\" rel=\"noopener\">\n\tbilgiymm@ndgdenetim.com\n\t\t\t<\/a>\n\t<\/h5>\n\n\n\n<h4>\n\tAdres\n\t<\/h4>\n\n\n\n<p>Ta\u015foca\u011f\u0131 Cd. G\u00fcl Expres Plaza No:39 A Blok 4.Kat No:46 34218 Ba\u011fc\u0131lar \/ \u0130STANBUL<\/p>\n\n\n\n<iframe src=\"https:\/\/maps.google.com\/maps?q=NDG+Global&amp;iwloc=near&amp;output=embed\" height=\"430\" frameborder=\"0\" loading=\"lazy\"><\/iframe>\n<\/div><!-- .vgblk-rw-wrapper -->","protected":false},"excerpt":{"rendered":"<p>Formu doldurarak dan\u0131\u015fmak istedi\u011finiz konu ile ilgili bize ula\u015fabilirsiniz. Bildirim: Bu i\u00e7erik i\u00e7in bir JavaScript gereklidir. 0530 298 11 58 0530 298 11 58 bilgiymm@ndgdenetim.com Adres Ta\u015foca\u011f\u0131 Cd. G\u00fcl Expres&#8230;<\/p>\n","protected":false},"author":1,"featured_media":0,"parent":0,"menu_order":0,"comment_status":"closed","ping_status":"closed","template":"","meta":{"inline_featured_image":false},"_links":{"self":[{"href":"http:\/\/ndgdenetim.com\/index.php\/wp-json\/wp\/v2\/pages\/11412"}],"collection":[{"href":"http:\/\/ndgdenetim.com\/index.php\/wp-json\/wp\/v2\/pages"}],"about":[{"href":"http:\/\/ndgdenetim.com\/index.php\/wp-json\/wp\/v2\/types\/page"}],"author":[{"embeddable":true,"href":"http:\/\/ndgdenetim.com\/index.php\/wp-json\/wp\/v2\/users\/1"}],"replies":[{"embeddable":true,"href":"http:\/\/ndgdenetim.com\/index.php\/wp-json\/wp\/v2\/comments?post=11412"}],"version-history":[{"count":5,"href":"http:\/\/ndgdenetim.com\/index.php\/wp-json\/wp\/v2\/pages\/11412\/revisions"}],"predecessor-version":[{"id":987822,"href":"http:\/\/ndgdenetim.com\/index.php\/wp-json\/wp\/v2\/pages\/11412\/revisions\/987822"}],"wp:attachment":[{"href":"http:\/\/ndgdenetim.com\/index.php\/wp-json\/wp\/v2\/media?parent=11412"}],"curies":[{"name":"wp","href":"https:\/\/api.w.org\/{rel}","templated":true}]}}